{"id":107,"date":"2025-01-04T20:30:17","date_gmt":"2025-01-04T19:30:17","guid":{"rendered":"https:\/\/www.flightscaledepot.com\/sobre-nosotros\/"},"modified":"2025-01-04T20:37:29","modified_gmt":"2025-01-04T19:37:29","slug":"sobre-nosotros","status":"publish","type":"page","link":"https:\/\/www.flightscaledepot.com\/es\/sobre-nosotros\/","title":{"rendered":"Sobre nosotros"},"content":{"rendered":"\n<h2 class=\"wp-block-heading\">Bienvenido<\/h2>\n\n<p class=\"p1\">Bienvenido a Flight Scale Depot, \u00a1tu destino para todo lo relacionado con el aeromodelismo!<\/p>\n\n<p class=\"p1\">En Flight Scale Depot creemos que construir aeromodelos es algo m\u00e1s que un pasatiempo: es una forma de honrar la rica historia de la aviaci\u00f3n, abrazar el arte de la artesan\u00eda y conectar con una comunidad global de entusiastas con ideas afines. Tanto si eres un constructor experimentado como si acabas de empezar, estamos aqu\u00ed para ayudarte a hacer realidad tus sue\u00f1os de aviaci\u00f3n. <\/p>\n\n<h2 class=\"wp-block-heading\">Nuestra historia<\/h2>\n\n<p class=\"p1\">Durante m\u00e1s de tres d\u00e9cadas, me ha cautivado el mundo del aeromodelismo. Lo que empez\u00f3 como una curiosidad infantil se convirti\u00f3 r\u00e1pidamente en una pasi\u00f3n para toda la vida. A lo largo de los a\u00f1os, he construido innumerables modelos, he experimentado con intrincados dise\u00f1os e incluso he tenido el honor de actuar como juez en competiciones de aeromodelismo. Estas experiencias me ense\u00f1aron no s\u00f3lo las habilidades t\u00e9cnicas de la construcci\u00f3n, sino tambi\u00e9n la alegr\u00eda de conectar con otras personas que comparten esta pasi\u00f3n.   <\/p>\n\n<p class=\"p1\">Cre\u00e9 Flight Scale Depot para reunir en un solo lugar todo lo que he aprendido y amado sobre el aeromodelismo. Esto es m\u00e1s que una tienda: es una celebraci\u00f3n de la aviaci\u00f3n y la creatividad. <\/p>\n\n<h2 class=\"wp-block-heading\">Qu\u00e9 ofrecemos<\/h2>\n\n<p class=\"p1\">Hemos reunido una variada selecci\u00f3n de productos para satisfacer a todos los constructores, sea cual sea su nivel de habilidad o sus intereses:<\/p>\n\n<p class=\"p5\">&#8211; Kits de modelismo: Desde opciones para principiantes hasta kits muy detallados para constructores avanzados.<\/p>\n\n<p class=\"p5\">&#8211; Herramientas y accesorios: Todo lo que necesitas para perfeccionar tus construcciones, desde herramientas de precisi\u00f3n hasta pinturas y adhesivos.<\/p>\n\n<p class=\"p5\">&#8211; Modelos raros y coleccionables: Kits \u00fanicos y dif\u00edciles de encontrar para coleccionistas.<\/p>\n\n<p class=\"p5\">&#8211; Opciones de personalizaci\u00f3n: Calcoman\u00edas, piezas de mejora y mucho m\u00e1s para que tus modelos sean \u00fanicos.<\/p>\n\n<p class=\"p5\">&#8211; Orientaci\u00f3n experta: Gu\u00edas, tutoriales y consejos para ayudarte a abordar los proyectos m\u00e1s complejos<\/p>\n\n<h2 class=\"wp-block-heading\">Nuestra misi\u00f3n<\/h2>\n\n<p class=\"p1\">Nuestro objetivo es:<\/p>\n\n<p class=\"p5\">&#8211; Inspirar la creatividad: Proporcionando herramientas y recursos para ayudarte a dar vida a tus ideas.<\/p>\n\n<p class=\"p5\">&#8211; Fomentar la Comunidad: Crear un espacio donde los entusiastas puedan compartir su trabajo, intercambiar consejos y celebrar sus logros.<\/p>\n\n<p class=\"p5\">&#8211; Honrar la aviaci\u00f3n: Rindiendo homenaje al ingenio y a la historia del vuelo a trav\u00e9s de nuestra pasi\u00f3n compartida.<\/p>\n\n<h2 class=\"wp-block-heading\">\u00bfPor qu\u00e9 elegirnos?<\/h2>\n\n<p class=\"p5\">&#8211; D\u00e9cadas de experiencia: Con casi cuatro d\u00e9cadas de experiencia en construcci\u00f3n, sabemos lo que hace falta para crear algo excepcional.<\/p>\n\n<p class=\"p5\">&#8211; Garant\u00eda de calidad: Todos los productos de nuestra tienda se seleccionan cuidadosamente por su calidad y fiabilidad.<\/p>\n\n<p class=\"p5\">&#8211; Atenci\u00f3n al cliente: \u00bfTienes preguntas? \u00bfNecesitas consejo? Estamos aqu\u00ed para ayudarte en cada paso del camino.  <\/p>\n\n<p class=\"p5\">&#8211; Enfoque comunitario: Somos m\u00e1s que una tienda: somos un centro para que los entusiastas del aeromodelismo se conecten y crezcan.<\/p>\n\n<h2 class=\"wp-block-heading\">\u00danete a nuestra comunidad<\/h2>\n\n<p class=\"p1\">Nos apasiona ayudar a los entusiastas del aeromodelismo a prosperar. Sigue nuestro blog para obtener consejos de expertos, echa un vistazo a nuestra galer\u00eda para ver las construcciones de nuestros clientes y suscr\u00edbete a nuestro bolet\u00edn para estar al d\u00eda de nuevos productos, eventos y ofertas exclusivas. <\/p>\n\n<p class=\"p1\">Gracias por elegir Flight Scale Depot. Juntos, \u00a1construyamos, volemos y so\u00f1emos! <\/p>\n\n<p class=\"p1\">Edificio Feliz,<\/p>\n\n<p class=\"p1\">Jean<\/p>\n\n<p class=\"p1\">Fundador, aficionado a la aviaci\u00f3n, constructor de aeromodelos<\/p>\n\n<p class=\"p4\">Contacta con nosotros<\/p>\n\n<p class=\"p1\">\u00bfTienes preguntas o comentarios? Ponte en contacto con nosotros en <\/p>\n\n<p class=\"p1\">\ud83d\udce7 Correo electr\u00f3nico: info@flightscaledepot.com<\/p>\n\n<p class=\"p1\">Emprendamos juntos este viaje: \u00a1un modelo cada vez!<\/p>\n","protected":false},"excerpt":{"rendered":"<p>Bienvenido Bienvenido a Flight Scale Depot, \u00a1tu destino para todo lo relacionado con el aeromodelismo! En Flight Scale Depot creemos que construir aeromodelos es algo m\u00e1s que un pasatiempo: es una forma de honrar la rica historia de la aviaci\u00f3n, abrazar el arte de la artesan\u00eda y conectar con una comunidad global de entusiastas con&hellip;&nbsp;<\/p>\n","protected":false},"author":1,"featured_media":0,"parent":0,"menu_order":0,"comment_status":"closed","ping_status":"closed","template":"","meta":{"neve_meta_sidebar":"","neve_meta_container":"","neve_meta_enable_content_width":"","neve_meta_content_width":0,"neve_meta_title_alignment":"","neve_meta_author_avatar":"","neve_post_elements_order":"","neve_meta_disable_header":"","neve_meta_disable_footer":"","neve_meta_disable_title":"","footnotes":""},"class_list":["post-107","page","type-page","status-publish","hentry"],"jetpack_sharing_enabled":true,"_links":{"self":[{"href":"https:\/\/www.flightscaledepot.com\/es\/wp-json\/wp\/v2\/pages\/107","targetHints":{"allow":["GET"]}}],"collection":[{"href":"https:\/\/www.flightscaledepot.com\/es\/wp-json\/wp\/v2\/pages"}],"about":[{"href":"https:\/\/www.flightscaledepot.com\/es\/wp-json\/wp\/v2\/types\/page"}],"author":[{"embeddable":true,"href":"https:\/\/www.flightscaledepot.com\/es\/wp-json\/wp\/v2\/users\/1"}],"replies":[{"embeddable":true,"href":"https:\/\/www.flightscaledepot.com\/es\/wp-json\/wp\/v2\/comments?post=107"}],"version-history":[{"count":1,"href":"https:\/\/www.flightscaledepot.com\/es\/wp-json\/wp\/v2\/pages\/107\/revisions"}],"predecessor-version":[{"id":108,"href":"https:\/\/www.flightscaledepot.com\/es\/wp-json\/wp\/v2\/pages\/107\/revisions\/108"}],"wp:attachment":[{"href":"https:\/\/www.flightscaledepot.com\/es\/wp-json\/wp\/v2\/media?parent=107"}],"curies":[{"name":"wp","href":"https:\/\/api.w.org\/{rel}","templated":true}]}}