{"id":127,"date":"2024-09-18T16:04:29","date_gmt":"2024-09-18T14:04:29","guid":{"rendered":"https:\/\/www.flightscaledepot.com\/politica-de-privacidad\/"},"modified":"2025-01-06T10:09:09","modified_gmt":"2025-01-06T09:09:09","slug":"politica-de-privacidad","status":"publish","type":"page","link":"https:\/\/www.flightscaledepot.com\/es\/politica-de-privacidad\/","title":{"rendered":"Pol\u00edtica de privacidad"},"content":{"rendered":"\n<p>Fecha de entrada en vigor: 6 de enero de 2025<\/p>\n\n<h2 class=\"wp-block-heading\">Introducci\u00f3n<\/h2>\n\n<p>Esta Pol\u00edtica de privacidad explica c\u00f3mo recopilamos, utilizamos, revelamos y protegemos tu informaci\u00f3n cuando visitas nuestro sitio web https:\/\/www.flightscaledepot.com.com. Tambi\u00e9n describe tus derechos en virtud del Reglamento General de Protecci\u00f3n de Datos (RGPD) y otras leyes de privacidad pertinentes.<\/p>\n\n<ol class=\"wp-block-list\"><\/ol>\n\n<p>Al utilizar nuestro sitio web, aceptas las pr\u00e1cticas descritas en esta pol\u00edtica. Si no est\u00e1s de acuerdo con esta pol\u00edtica, abstente de utilizar nuestro sitio web. <\/p>\n\n<h2 class=\"wp-block-heading\">Datos que recogemos<\/h2>\n\n<p>Podemos recoger los siguientes tipos de datos personales:<\/p>\n\n<h3 class=\"wp-block-heading\">Informaci\u00f3n que facilitas directamente<\/h3>\n\n<p>Informaci\u00f3n de contacto: Nombre, direcci\u00f3n de correo electr\u00f3nico, n\u00famero de tel\u00e9fono, direcci\u00f3n postal.<\/p>\n\n<ol class=\"wp-block-list\"><\/ol>\n\n<p>Informaci\u00f3n de la cuenta: Nombre de usuario, contrase\u00f1a y las preferencias que hayas establecido.<\/p>\n\n<p>Datos de pago: Para compras o servicios (procesados de forma segura por un proveedor de pagos externo).<\/p>\n\n<h3 class=\"wp-block-heading\">Informaci\u00f3n que recogemos autom\u00e1ticamente<\/h3>\n\n<p>Datos t\u00e9cnicos: Direcci\u00f3n IP, tipo de navegador, sistema operativo, informaci\u00f3n del dispositivo.<\/p>\n\n<p>Datos de uso: P\u00e1ginas visitadas, tiempo de permanencia en las p\u00e1ginas e interacci\u00f3n con las funciones del sitio web.<\/p>\n\n<p>Cookies y tecnolog\u00edas similares: Consulta nuestra Pol\u00edtica de Cookies para m\u00e1s detalles.<\/p>\n\n<h3 class=\"wp-block-heading\">Fuentes de terceros<\/h3>\n\n<p>Podemos recibir informaci\u00f3n adicional sobre ti de fuentes de terceros, como plataformas de medios sociales o proveedores de an\u00e1lisis, seg\u00fan lo permita la ley.<\/p>\n\n<h2 class=\"wp-block-heading\">C\u00f3mo utilizamos tus datos<\/h2>\n\n<p>Utilizamos tus datos para los siguientes fines:<\/p>\n\n<ol start=\"3\" class=\"wp-block-list\"><\/ol>\n\n<p>Para prestar y mantener nuestros servicios.<\/p>\n\n<p>Para comunicarnos contigo en relaci\u00f3n con tu cuenta, consultas o actualizaciones.<\/p>\n\n<p>Para personalizar y mejorar tu experiencia de usuario.<\/p>\n\n<p>Para cumplir obligaciones legales.<\/p>\n\n<p>Para analizar el rendimiento del sitio web y mejorar su funcionalidad.<\/p>\n\n<p>Para enviar comunicaciones de marketing (s\u00f3lo con tu consentimiento expl\u00edcito).<\/p>\n\n<h2 class=\"wp-block-heading\">Base jur\u00eddica del tratamiento<\/h2>\n\n<p>Seg\u00fan el GDPR, procesamos tus datos personales bas\u00e1ndonos en los siguientes fundamentos jur\u00eddicos:<\/p>\n\n<ol start=\"4\" class=\"wp-block-list\"><\/ol>\n\n<p>Consentimiento: Cuando optas por recibir comunicaciones o facilitar tus datos.<\/p>\n\n<p>Necesidad contractual: Para cumplir un contrato contigo.<\/p>\n\n<p>Obligaci\u00f3n legal: Cumplimiento de requisitos legales o reglamentarios.<\/p>\n\n<p>Intereses leg\u00edtimos: Para operaciones comerciales, como mejorar nuestro sitio web y nuestros servicios.<\/p>\n\n<h2 class=\"wp-block-heading\">Compartir tus datos<\/h2>\n\n<p>Podemos compartir tus datos con<\/p>\n\n<ol start=\"5\" class=\"wp-block-list\"><\/ol>\n\n<p>Proveedores de servicios: Empresas que prestan servicios en nuestro nombre (por ejemplo, alojamiento, an\u00e1lisis, procesamiento de pagos).<\/p>\n\n<p>Autoridades legales: Cuando lo exija la ley o para proteger nuestros derechos legales.<\/p>\n\n<p>Traspasos de empresas: En relaci\u00f3n con fusiones, adquisiciones o reestructuraciones empresariales.<\/p>\n\n<p>No vendemos ni alquilamos tus datos personales a terceros.<\/p>\n\n<h2 class=\"wp-block-heading\">Conservaci\u00f3n de datos<\/h2>\n\n<p>Conservamos tus datos personales s\u00f3lo durante el tiempo necesario para cumplir los fines descritos en esta pol\u00edtica, cumplir con las obligaciones legales, resolver disputas y hacer cumplir los acuerdos.<\/p>\n\n<ol start=\"6\" class=\"wp-block-list\"><\/ol>\n\n<h2 class=\"wp-block-heading\">Tus derechos<\/h2>\n\n<p>En virtud del GDPR, tienes los siguientes derechos:<\/p>\n\n<ol start=\"7\" class=\"wp-block-list\"><\/ol>\n\n<p>Acceder: Solicitar una copia de tus datos personales.<\/p>\n\n<p>Rectificaci\u00f3n: Corregir datos inexactos o incompletos.<\/p>\n\n<p>Supresi\u00f3n: Solicitar la supresi\u00f3n de tus datos (\u00abDerecho al olvido\u00bb).<\/p>\n\n<p>Restricci\u00f3n: Limitar el tratamiento de tus datos.<\/p>\n\n<p>Portabilidad de datos: Recibe tus datos en un formato estructurado y legible por m\u00e1quina.<\/p>\n\n<p>Objeci\u00f3n: Oponerse al tratamiento de datos para fines espec\u00edficos.<\/p>\n\n<p>Retirar el consentimiento: Cuando el tratamiento se base en el consentimiento, puedes retirarlo en cualquier momento.<\/p>\n\n<p>Para ejercer tus derechos, ponte en contacto con nosotros en [Insert Contact Email].<\/p>\n\n<h2 class=\"wp-block-heading\">Seguridad de los datos<\/h2>\n\n<p>Aplicamos las medidas t\u00e9cnicas y organizativas adecuadas para proteger tus datos personales contra el acceso, la alteraci\u00f3n, la divulgaci\u00f3n o la destrucci\u00f3n no autorizados.<\/p>\n\n<ol start=\"8\" class=\"wp-block-list\"><\/ol>\n\n<h2 class=\"wp-block-heading\">Transferencias internacionales de datos<\/h2>\n\n<p>Si tus datos se transfieren fuera del Espacio Econ\u00f3mico Europeo (EEE), nos aseguramos de que existan garant\u00edas adecuadas, como cl\u00e1usulas contractuales tipo o medidas equivalentes.<\/p>\n\n<ol start=\"9\" class=\"wp-block-list\"><\/ol>\n\n<h2 class=\"wp-block-heading\">Cookies y tecnolog\u00edas de seguimiento<\/h2>\n\n<p>Nuestro sitio web utiliza cookies y tecnolog\u00edas similares para mejorar la experiencia del usuario y analizar el tr\u00e1fico del sitio. Para m\u00e1s informaci\u00f3n, consulta nuestra Pol\u00edtica de Cookies. <\/p>\n\n<ol start=\"10\" class=\"wp-block-list\"><\/ol>\n\n<h2 class=\"wp-block-heading\">Cambios en esta Pol\u00edtica de Privacidad<\/h2>\n\n<p>Podemos actualizar esta Pol\u00edtica de Privacidad peri\u00f3dicamente. Cualquier cambio se publicar\u00e1 en esta p\u00e1gina con una \u00abFecha de entrada en vigor\u00bb actualizada. Te animamos a que revises esta pol\u00edtica con regularidad.  <\/p>\n\n<ol start=\"11\" class=\"wp-block-list\"><\/ol>\n\n<h2 class=\"wp-block-heading\">Contacta con nosotros<\/h2>\n\n<p>Si tienes alguna pregunta o duda sobre esta Pol\u00edtica de Privacidad o nuestras pr\u00e1cticas de datos, ponte en contacto con nosotros en<\/p>\n\n<ol start=\"12\" class=\"wp-block-list\"><\/ol>\n\n<p><blockquote class=\"wp-embedded-content\" data-secret=\"WOQSsQmQRG\"><a href=\"https:\/\/www.flightscaledepot.com\/es\/\">Tienda<\/a><\/blockquote><iframe loading=\"lazy\" class=\"wp-embedded-content\" sandbox=\"allow-scripts\" security=\"restricted\" style=\"position: absolute; visibility: hidden;\" title=\"\u00abTienda\u00bb \u2014 Flight Scale Depot\" src=\"https:\/\/www.flightscaledepot.com\/es\/embed\/#?secret=a2bS3b5wcK#?secret=WOQSsQmQRG\" data-secret=\"WOQSsQmQRG\" width=\"600\" height=\"338\" frameborder=\"0\" marginwidth=\"0\" marginheight=\"0\" scrolling=\"no\"><\/iframe><\/p>\n\n<p>Correo electr\u00f3nico: info@flightscaledepot.com<\/p>\n\n<p>Esta Pol\u00edtica de Privacidad se actualiz\u00f3 por \u00faltima vez el 6 de enero de 2025.<\/p>\n","protected":false},"excerpt":{"rendered":"<p>Fecha de entrada en vigor: 6 de enero de 2025 Introducci\u00f3n Esta Pol\u00edtica de privacidad explica c\u00f3mo recopilamos, utilizamos, revelamos y protegemos tu informaci\u00f3n cuando visitas nuestro sitio web https:\/\/www.flightscaledepot.com.com. Tambi\u00e9n describe tus derechos en virtud del Reglamento General de Protecci\u00f3n de Datos (RGPD) y otras leyes de privacidad pertinentes. Al utilizar nuestro sitio web,&hellip;&nbsp;<\/p>\n","protected":false},"author":1,"featured_media":0,"parent":0,"menu_order":0,"comment_status":"closed","ping_status":"open","template":"","meta":{"neve_meta_sidebar":"","neve_meta_container":"","neve_meta_enable_content_width":"","neve_meta_content_width":0,"neve_meta_title_alignment":"","neve_meta_author_avatar":"","neve_post_elements_order":"","neve_meta_disable_header":"","neve_meta_disable_footer":"","neve_meta_disable_title":"","footnotes":""},"class_list":["post-127","page","type-page","status-publish","hentry"],"jetpack_sharing_enabled":true,"_links":{"self":[{"href":"https:\/\/www.flightscaledepot.com\/es\/wp-json\/wp\/v2\/pages\/127","targetHints":{"allow":["GET"]}}],"collection":[{"href":"https:\/\/www.flightscaledepot.com\/es\/wp-json\/wp\/v2\/pages"}],"about":[{"href":"https:\/\/www.flightscaledepot.com\/es\/wp-json\/wp\/v2\/types\/page"}],"author":[{"embeddable":true,"href":"https:\/\/www.flightscaledepot.com\/es\/wp-json\/wp\/v2\/users\/1"}],"replies":[{"embeddable":true,"href":"https:\/\/www.flightscaledepot.com\/es\/wp-json\/wp\/v2\/comments?post=127"}],"version-history":[{"count":1,"href":"https:\/\/www.flightscaledepot.com\/es\/wp-json\/wp\/v2\/pages\/127\/revisions"}],"predecessor-version":[{"id":129,"href":"https:\/\/www.flightscaledepot.com\/es\/wp-json\/wp\/v2\/pages\/127\/revisions\/129"}],"wp:attachment":[{"href":"https:\/\/www.flightscaledepot.com\/es\/wp-json\/wp\/v2\/media?parent=127"}],"curies":[{"name":"wp","href":"https:\/\/api.w.org\/{rel}","templated":true}]}}