{"id":40,"date":"2024-09-18T16:04:29","date_gmt":"2024-09-18T14:04:29","guid":{"rendered":"https:\/\/store.pictaveau.fr\/pagina-de-muestra\/"},"modified":"2025-01-03T17:42:55","modified_gmt":"2025-01-03T16:42:55","slug":"pagina-de-muestra","status":"publish","type":"page","link":"https:\/\/www.flightscaledepot.com\/es\/pagina-de-muestra\/","title":{"rendered":"P\u00e1gina de muestra"},"content":{"rendered":"\n<p>Esta es una p\u00e1gina de ejemplo. Es diferente de una entrada de blog porque permanecer\u00e1 en un lugar y aparecer\u00e1 en la navegaci\u00f3n de tu sitio (en la mayor\u00eda de los temas). La mayor\u00eda de la gente empieza con una p\u00e1gina Acerca de que les presenta a los visitantes potenciales del sitio. Podr\u00eda decir algo as\u00ed<\/p>\n\n<blockquote class=\"wp-block-quote is-layout-flow wp-block-quote-is-layout-flow\"><p>\u00a1Hola! Soy mensajero en bicicleta de d\u00eda, aspirante a actor de noche, y \u00e9ste es mi sitio web. Vivo en Los \u00c1ngeles, tengo un perro estupendo que se llama Jack y me gustan las pi\u00f1as coladas. (Y que te pille la lluvia.)<\/p><\/blockquote>\n\n<p>&#8230;o algo as\u00ed:<\/p>\n\n<blockquote class=\"wp-block-quote is-layout-flow wp-block-quote-is-layout-flow\"><p>La empresa XYZ Doohickey Company se fund\u00f3 en 1971, y desde entonces suministra doohickeys de calidad al p\u00fablico. Situada en Gotham City, XYZ emplea a m\u00e1s de 2.000 personas y hace todo tipo de cosas incre\u00edbles para la comunidad de Gotham.<\/p><\/blockquote>\n\n<p>Como nuevo usuario de WordPress, debes ir a <a href=\"https:\/\/store.pictaveau.fr\/wp-admin\/\">tu panel de control<\/a> para eliminar esta p\u00e1gina y crear nuevas p\u00e1ginas para tu contenido. \u00a1Divi\u00e9rtete!<\/p>\n","protected":false},"excerpt":{"rendered":"<p>Esta es una p\u00e1gina de ejemplo. Es diferente de una entrada de blog porque permanecer\u00e1 en un lugar y aparecer\u00e1 en la navegaci\u00f3n de tu sitio (en la mayor\u00eda de los temas). La mayor\u00eda de la gente empieza con una p\u00e1gina Acerca de que les presenta a los visitantes potenciales del sitio. Podr\u00eda decir algo&hellip;&nbsp;<\/p>\n","protected":false},"author":1,"featured_media":0,"parent":0,"menu_order":0,"comment_status":"closed","ping_status":"closed","template":"","meta":{"neve_meta_sidebar":"","neve_meta_container":"","neve_meta_enable_content_width":"","neve_meta_content_width":0,"neve_meta_title_alignment":"","neve_meta_author_avatar":"","neve_post_elements_order":"","neve_meta_disable_header":"","neve_meta_disable_footer":"","neve_meta_disable_title":"","footnotes":""},"class_list":["post-40","page","type-page","status-publish","hentry"],"jetpack_sharing_enabled":true,"_links":{"self":[{"href":"https:\/\/www.flightscaledepot.com\/es\/wp-json\/wp\/v2\/pages\/40","targetHints":{"allow":["GET"]}}],"collection":[{"href":"https:\/\/www.flightscaledepot.com\/es\/wp-json\/wp\/v2\/pages"}],"about":[{"href":"https:\/\/www.flightscaledepot.com\/es\/wp-json\/wp\/v2\/types\/page"}],"author":[{"embeddable":true,"href":"https:\/\/www.flightscaledepot.com\/es\/wp-json\/wp\/v2\/users\/1"}],"replies":[{"embeddable":true,"href":"https:\/\/www.flightscaledepot.com\/es\/wp-json\/wp\/v2\/comments?post=40"}],"version-history":[{"count":1,"href":"https:\/\/www.flightscaledepot.com\/es\/wp-json\/wp\/v2\/pages\/40\/revisions"}],"predecessor-version":[{"id":42,"href":"https:\/\/www.flightscaledepot.com\/es\/wp-json\/wp\/v2\/pages\/40\/revisions\/42"}],"wp:attachment":[{"href":"https:\/\/www.flightscaledepot.com\/es\/wp-json\/wp\/v2\/media?parent=40"}],"curies":[{"name":"wp","href":"https:\/\/api.w.org\/{rel}","templated":true}]}}