{"id":113,"date":"2025-01-04T20:30:17","date_gmt":"2025-01-04T19:30:17","guid":{"rendered":"https:\/\/www.flightscaledepot.com\/a-propos-de-nous\/"},"modified":"2025-01-04T20:37:29","modified_gmt":"2025-01-04T19:37:29","slug":"a-propos-de-nous","status":"publish","type":"page","link":"https:\/\/www.flightscaledepot.com\/fr\/a-propos-de-nous\/","title":{"rendered":"A propos de nous"},"content":{"rendered":"\n<h2 class=\"wp-block-heading\">Bienvenue<\/h2>\n\n<p class=\"p1\">Bienvenue \u00e0 Flight Scale Depot, votre destination de choix pour tout ce qui concerne les mod\u00e8les r\u00e9duits d&rsquo;avions !<\/p>\n\n<p class=\"p1\">Chez Flight Scale Depot, nous pensons que la construction de mod\u00e8les r\u00e9duits d&rsquo;avions est plus qu&rsquo;un simple passe-temps &#8211; c&rsquo;est un moyen d&rsquo;honorer la riche histoire de l&rsquo;aviation, d&#8217;embrasser l&rsquo;art de l&rsquo;artisanat et de se connecter avec une communaut\u00e9 mondiale de passionn\u00e9s partageant les m\u00eames id\u00e9es. Que vous soyez un constructeur exp\u00e9riment\u00e9 ou que vous d\u00e9butiez, nous sommes l\u00e0 pour vous aider \u00e0 donner vie \u00e0 vos r\u00eaves d&rsquo;aviation. <\/p>\n\n<h2 class=\"wp-block-heading\">Notre histoire<\/h2>\n\n<p class=\"p1\">Depuis plus de trente ans, je suis captiv\u00e9 par le monde de l&rsquo;a\u00e9romod\u00e9lisme. Ce qui n&rsquo;\u00e9tait au d\u00e9part qu&rsquo;une curiosit\u00e9 d&rsquo;enfant s&rsquo;est rapidement transform\u00e9 en une passion de toute une vie. Au fil des ans, j&rsquo;ai construit d&rsquo;innombrables mod\u00e8les, exp\u00e9riment\u00e9 des conceptions complexes et j&rsquo;ai m\u00eame eu l&rsquo;honneur d&rsquo;\u00eatre juge dans des comp\u00e9titions d&rsquo;a\u00e9romod\u00e9lisme. Ces exp\u00e9riences m&rsquo;ont permis d&rsquo;acqu\u00e9rir non seulement les comp\u00e9tences techniques n\u00e9cessaires \u00e0 la construction, mais aussi la joie de rencontrer d&rsquo;autres personnes qui partagent cette passion.   <\/p>\n\n<p class=\"p1\">J&rsquo;ai cr\u00e9\u00e9 Flight Scale Depot pour rassembler en un seul endroit tout ce que j&rsquo;ai appris et aim\u00e9 sur les mod\u00e8les r\u00e9duits d&rsquo;avions. C&rsquo;est plus qu&rsquo;un magasin, c&rsquo;est une c\u00e9l\u00e9bration de l&rsquo;aviation et de la cr\u00e9ativit\u00e9. <\/p>\n\n<h2 class=\"wp-block-heading\">Ce que nous offrons<\/h2>\n\n<p class=\"p1\">Nous avons s\u00e9lectionn\u00e9 une gamme vari\u00e9e de produits pour r\u00e9pondre aux besoins de tous les constructeurs, quel que soit leur niveau de comp\u00e9tence ou leurs centres d&rsquo;int\u00e9r\u00eat :<\/p>\n\n<p class=\"p5\">&#8211; Maquettes : Des options pour les d\u00e9butants aux kits tr\u00e8s d\u00e9taill\u00e9s pour les constructeurs confirm\u00e9s.<\/p>\n\n<p class=\"p5\">&#8211; Outils et accessoires : Tout ce dont vous avez besoin pour parfaire vos constructions, des outils de pr\u00e9cision aux peintures et adh\u00e9sifs.<\/p>\n\n<p class=\"p5\">&#8211; Mod\u00e8les rares et de collection : Kits uniques et difficiles \u00e0 trouver pour les collectionneurs.<\/p>\n\n<p class=\"p5\">&#8211; Options de personnalisation : Des d\u00e9calcomanies, des pi\u00e8ces d&rsquo;am\u00e9lioration et bien d&rsquo;autres choses encore pour faire de vos mod\u00e8les des objets uniques.<\/p>\n\n<p class=\"p5\">&#8211; Conseils d&rsquo;experts : Des guides, des tutoriels et des conseils pour vous aider \u00e0 r\u00e9aliser les projets les plus complexes.<\/p>\n\n<h2 class=\"wp-block-heading\">Notre mission<\/h2>\n\n<p class=\"p1\">Nous visons \u00e0 :<\/p>\n\n<p class=\"p5\">&#8211; Inspirer la cr\u00e9ativit\u00e9 : Fournir des outils et des ressources pour vous aider \u00e0 donner vie \u00e0 vos id\u00e9es.<\/p>\n\n<p class=\"p5\">&#8211; Favoriser la communaut\u00e9 : Cr\u00e9er un espace o\u00f9 les passionn\u00e9s peuvent partager leur travail, \u00e9changer des conseils et c\u00e9l\u00e9brer leurs r\u00e9ussites.<\/p>\n\n<p class=\"p5\">&#8211; Honor Aviation : Rendre hommage \u00e0 l&rsquo;ing\u00e9niosit\u00e9 et \u00e0 l&rsquo;histoire du vol \u00e0 travers notre passion commune.<\/p>\n\n<h2 class=\"wp-block-heading\">Pourquoi nous choisir ?<\/h2>\n\n<p class=\"p5\">&#8211; Des d\u00e9cennies d&rsquo;exp\u00e9rience : Avec pr\u00e8s de quatre d\u00e9cennies d&rsquo;expertise en mati\u00e8re de construction, nous savons ce qu&rsquo;il faut faire pour cr\u00e9er quelque chose d&rsquo;exceptionnel.<\/p>\n\n<p class=\"p5\">&#8211; Assurance qualit\u00e9 : Chaque produit de notre magasin est s\u00e9lectionn\u00e9 pour sa qualit\u00e9 et sa fiabilit\u00e9.<\/p>\n\n<p class=\"p5\">&#8211; Soutien \u00e0 la client\u00e8le : Vous avez des questions ? Besoin de conseils ? Nous sommes l\u00e0 pour vous aider \u00e0 chaque \u00e9tape.  <\/p>\n\n<p class=\"p5\">&#8211; L&rsquo;accent est mis sur la communaut\u00e9 : Nous sommes plus qu&rsquo;un magasin, nous sommes une plaque tournante o\u00f9 les passionn\u00e9s d&rsquo;a\u00e9romod\u00e9lisme peuvent se rencontrer et se d\u00e9velopper.<\/p>\n\n<h2 class=\"wp-block-heading\">Rejoignez notre communaut\u00e9<\/h2>\n\n<p class=\"p1\">Notre passion est d&rsquo;aider les passionn\u00e9s d&rsquo;a\u00e9romod\u00e9lisme \u00e0 prosp\u00e9rer. Suivez notre blog pour obtenir des conseils d&rsquo;experts, consultez notre galerie pour voir les constructions de nos clients et inscrivez-vous \u00e0 notre lettre d&rsquo;information pour rester inform\u00e9 des nouveaux produits, des \u00e9v\u00e9nements et des offres exclusives. <\/p>\n\n<p class=\"p1\">Merci d&rsquo;avoir choisi Flight Scale Depot. Ensemble, construisons, volons et r\u00eavons ! <\/p>\n\n<p class=\"p1\">B\u00e2timent heureux,<\/p>\n\n<p class=\"p1\">Jean<\/p>\n\n<p class=\"p1\">Fondateur, passionn\u00e9 d&rsquo;aviation, constructeur d&rsquo;avions miniatures<\/p>\n\n<p class=\"p4\">Contactez nous<\/p>\n\n<p class=\"p1\">Vous avez des questions ou des commentaires ? N&rsquo;h\u00e9sitez pas \u00e0 nous contacter : <\/p>\n\n<p class=\"p1\">\ud83d\udce7 Courriel : info@flightscaledepot.com<\/p>\n\n<p class=\"p1\">Faisons ce voyage ensemble, un mod\u00e8le \u00e0 la fois !<\/p>\n","protected":false},"excerpt":{"rendered":"<p>Bienvenue Bienvenue \u00e0 Flight Scale Depot, votre destination de choix pour tout ce qui concerne les mod\u00e8les r\u00e9duits d&rsquo;avions ! Chez Flight Scale Depot, nous pensons que la construction de mod\u00e8les r\u00e9duits d&rsquo;avions est plus qu&rsquo;un simple passe-temps &#8211; c&rsquo;est un moyen d&rsquo;honorer la riche histoire de l&rsquo;aviation, d&#8217;embrasser l&rsquo;art de l&rsquo;artisanat et de se&hellip;&nbsp;<\/p>\n","protected":false},"author":1,"featured_media":0,"parent":0,"menu_order":0,"comment_status":"closed","ping_status":"closed","template":"","meta":{"neve_meta_sidebar":"","neve_meta_container":"","neve_meta_enable_content_width":"","neve_meta_content_width":0,"neve_meta_title_alignment":"","neve_meta_author_avatar":"","neve_post_elements_order":"","neve_meta_disable_header":"","neve_meta_disable_footer":"","neve_meta_disable_title":"","footnotes":""},"class_list":["post-113","page","type-page","status-publish","hentry"],"jetpack_sharing_enabled":true,"_links":{"self":[{"href":"https:\/\/www.flightscaledepot.com\/fr\/wp-json\/wp\/v2\/pages\/113","targetHints":{"allow":["GET"]}}],"collection":[{"href":"https:\/\/www.flightscaledepot.com\/fr\/wp-json\/wp\/v2\/pages"}],"about":[{"href":"https:\/\/www.flightscaledepot.com\/fr\/wp-json\/wp\/v2\/types\/page"}],"author":[{"embeddable":true,"href":"https:\/\/www.flightscaledepot.com\/fr\/wp-json\/wp\/v2\/users\/1"}],"replies":[{"embeddable":true,"href":"https:\/\/www.flightscaledepot.com\/fr\/wp-json\/wp\/v2\/comments?post=113"}],"version-history":[{"count":1,"href":"https:\/\/www.flightscaledepot.com\/fr\/wp-json\/wp\/v2\/pages\/113\/revisions"}],"predecessor-version":[{"id":114,"href":"https:\/\/www.flightscaledepot.com\/fr\/wp-json\/wp\/v2\/pages\/113\/revisions\/114"}],"wp:attachment":[{"href":"https:\/\/www.flightscaledepot.com\/fr\/wp-json\/wp\/v2\/media?parent=113"}],"curies":[{"name":"wp","href":"https:\/\/api.w.org\/{rel}","templated":true}]}}