{"id":46,"date":"2024-09-18T16:04:29","date_gmt":"2024-09-18T14:04:29","guid":{"rendered":"https:\/\/store.pictaveau.fr\/exemple-de-page\/"},"modified":"2025-01-03T17:42:57","modified_gmt":"2025-01-03T16:42:57","slug":"exemple-de-page","status":"publish","type":"page","link":"https:\/\/www.flightscaledepot.com\/fr\/exemple-de-page\/","title":{"rendered":"Exemple de page"},"content":{"rendered":"\n<p>Il s&rsquo;agit d&rsquo;une page d&rsquo;exemple. Il est diff\u00e9rent d&rsquo;un article de blog car il reste \u00e0 un seul endroit et appara\u00eet dans la navigation de votre site (dans la plupart des th\u00e8mes). La plupart des gens commencent par une page \u00ab\u00a0\u00c0 propos\u00a0\u00bb qui les pr\u00e9sente aux visiteurs potentiels du site. Il pourrait dire quelque chose comme ceci :<\/p>\n\n<blockquote class=\"wp-block-quote is-layout-flow wp-block-quote-is-layout-flow\"><p>Bonjour ! Je suis coursier \u00e0 v\u00e9lo le jour, com\u00e9dien en herbe la nuit, et voici mon site web. Je vis \u00e0 Los Angeles, j&rsquo;ai un super chien qui s&rsquo;appelle Jack et j&rsquo;aime les pi\u00f1a coladas. (Et se faire surprendre par la pluie.)<\/p><\/blockquote>\n\n<p>&#8230;ou quelque chose comme \u00e7a :<\/p>\n\n<blockquote class=\"wp-block-quote is-layout-flow wp-block-quote-is-layout-flow\"><p>La soci\u00e9t\u00e9 XYZ Doohickey Company a \u00e9t\u00e9 fond\u00e9e en 1971 et fournit depuis lors des doohickeys de qualit\u00e9 au public. Situ\u00e9e \u00e0 Gotham City, XYZ emploie plus de 2 000 personnes et accomplit toutes sortes de choses extraordinaires pour la communaut\u00e9 de Gotham.<\/p><\/blockquote>\n\n<p>En tant que nouvel utilisateur de WordPress, vous devez vous rendre dans <a href=\"https:\/\/store.pictaveau.fr\/wp-admin\/\">votre tableau de bord<\/a> pour supprimer cette page et cr\u00e9er de nouvelles pages pour votre contenu. Amusez-vous bien !<\/p>\n","protected":false},"excerpt":{"rendered":"<p>Il s&rsquo;agit d&rsquo;une page d&rsquo;exemple. Il est diff\u00e9rent d&rsquo;un article de blog car il reste \u00e0 un seul endroit et appara\u00eet dans la navigation de votre site (dans la plupart des th\u00e8mes). La plupart des gens commencent par une page \u00ab\u00a0\u00c0 propos\u00a0\u00bb qui les pr\u00e9sente aux visiteurs potentiels du site. Il pourrait dire quelque chose&hellip;&nbsp;<\/p>\n","protected":false},"author":1,"featured_media":0,"parent":0,"menu_order":0,"comment_status":"closed","ping_status":"closed","template":"","meta":{"neve_meta_sidebar":"","neve_meta_container":"","neve_meta_enable_content_width":"","neve_meta_content_width":0,"neve_meta_title_alignment":"","neve_meta_author_avatar":"","neve_post_elements_order":"","neve_meta_disable_header":"","neve_meta_disable_footer":"","neve_meta_disable_title":"","footnotes":""},"class_list":["post-46","page","type-page","status-publish","hentry"],"jetpack_sharing_enabled":true,"_links":{"self":[{"href":"https:\/\/www.flightscaledepot.com\/fr\/wp-json\/wp\/v2\/pages\/46","targetHints":{"allow":["GET"]}}],"collection":[{"href":"https:\/\/www.flightscaledepot.com\/fr\/wp-json\/wp\/v2\/pages"}],"about":[{"href":"https:\/\/www.flightscaledepot.com\/fr\/wp-json\/wp\/v2\/types\/page"}],"author":[{"embeddable":true,"href":"https:\/\/www.flightscaledepot.com\/fr\/wp-json\/wp\/v2\/users\/1"}],"replies":[{"embeddable":true,"href":"https:\/\/www.flightscaledepot.com\/fr\/wp-json\/wp\/v2\/comments?post=46"}],"version-history":[{"count":1,"href":"https:\/\/www.flightscaledepot.com\/fr\/wp-json\/wp\/v2\/pages\/46\/revisions"}],"predecessor-version":[{"id":50,"href":"https:\/\/www.flightscaledepot.com\/fr\/wp-json\/wp\/v2\/pages\/46\/revisions\/50"}],"wp:attachment":[{"href":"https:\/\/www.flightscaledepot.com\/fr\/wp-json\/wp\/v2\/media?parent=46"}],"curies":[{"name":"wp","href":"https:\/\/api.w.org\/{rel}","templated":true}]}}