{"id":109,"date":"2025-01-04T20:30:17","date_gmt":"2025-01-04T19:30:17","guid":{"rendered":"https:\/\/www.flightscaledepot.com\/chi-siamo\/"},"modified":"2025-01-04T20:37:29","modified_gmt":"2025-01-04T19:37:29","slug":"chi-siamo","status":"publish","type":"page","link":"https:\/\/www.flightscaledepot.com\/it\/chi-siamo\/","title":{"rendered":"Chi siamo"},"content":{"rendered":"\n<h2 class=\"wp-block-heading\">Benvenuti<\/h2>\n\n<p class=\"p1\">Benvenuto su Flight Scale Depot, il tuo punto di riferimento per tutto ci\u00f2 che riguarda l&#8217;aeromodellismo!<\/p>\n\n<p class=\"p1\">Noi di Flight Scale Depot crediamo che costruire aeromodelli sia pi\u00f9 di un semplice hobby: \u00e8 un modo per onorare la ricca storia dell&#8217;aviazione, abbracciare l&#8217;arte dell&#8217;artigianato e connettersi con una comunit\u00e0 globale di appassionati che la pensano allo stesso modo. Che tu sia un costruttore esperto o alle prime armi, siamo qui per aiutarti a realizzare i tuoi sogni di aviazione.<\/p>\n\n<h2 class=\"wp-block-heading\">La nostra storia<\/h2>\n\n<p class=\"p1\">Per oltre tre decenni sono stato affascinato dal mondo dell&#8217;aeromodellismo. Quella che \u00e8 iniziata come una curiosit\u00e0 infantile si \u00e8 rapidamente trasformata in una passione che dura da tutta la vita. Nel corso degli anni ho costruito innumerevoli modelli, ho sperimentato progetti complicati e ho anche avuto l&#8217;onore di fare da giudice in gare di aeromodellismo. Queste esperienze mi hanno insegnato non solo le abilit\u00e0 tecniche di costruzione, ma anche la gioia di entrare in contatto con altre persone che condividono questa passione.<\/p>\n\n<p class=\"p1\">Ho fondato Flight Scale Depot per riunire in un unico luogo tutto ci\u00f2 che ho imparato e amato sull&#8217;aeromodellismo. Questo \u00e8 pi\u00f9 di un negozio: \u00e8 una celebrazione dell&#8217;aviazione e della creativit\u00e0.<\/p>\n\n<h2 class=\"wp-block-heading\">Cosa offriamo<\/h2>\n\n<p class=\"p1\">Abbiamo selezionato una vasta gamma di prodotti per soddisfare le esigenze di tutti i costruttori, indipendentemente dal loro livello di abilit\u00e0 o dai loro interessi:<\/p>\n\n<p class=\"p5\">&#8211; Kit di modellismo: Dalle opzioni per i principianti ai kit altamente dettagliati per i costruttori pi\u00f9 esperti.<\/p>\n\n<p class=\"p5\">&#8211; Strumenti e accessori: Tutto ci\u00f2 che ti serve per perfezionare le tue costruzioni, dagli strumenti di precisione alle vernici e agli adesivi.<\/p>\n\n<p class=\"p5\">&#8211; Modelli rari e da collezione: Kit unici e difficili da trovare per i collezionisti.<\/p>\n\n<p class=\"p5\">&#8211; Opzioni di personalizzazione: Decalcomanie, parti di ricambio e molto altro per rendere i tuoi modelli unici.<\/p>\n\n<p class=\"p5\">&#8211; Guida esperta: Guide, tutorial e suggerimenti per aiutarti ad affrontare anche i progetti pi\u00f9 complessi.<\/p>\n\n<h2 class=\"wp-block-heading\">La nostra missione<\/h2>\n\n<p class=\"p1\">Il nostro obiettivo \u00e8 quello di:<\/p>\n\n<p class=\"p5\">&#8211; Ispira la creativit\u00e0: Fornisce strumenti e risorse per aiutarti a dare vita alle tue idee.<\/p>\n\n<p class=\"p5\">&#8211; Promuovere la comunit\u00e0: Creare uno spazio in cui gli appassionati possano condividere il proprio lavoro, scambiarsi consigli e celebrare i risultati ottenuti.<\/p>\n\n<p class=\"p5\">&#8211; Honor Aviation: Rendere omaggio all&#8217;ingegno e alla storia del volo attraverso la nostra passione comune.<\/p>\n\n<h2 class=\"wp-block-heading\">Perch\u00e9 scegliere noi?<\/h2>\n\n<p class=\"p5\">&#8211; Decenni di esperienza: Con quasi quattro decenni di esperienza nell&#8217;edilizia, sappiamo cosa serve per creare qualcosa di eccezionale.<\/p>\n\n<p class=\"p5\">&#8211; Garanzia di qualit\u00e0: Tutti i prodotti del nostro negozio sono selezionati per la loro qualit\u00e0 e affidabilit\u00e0.<\/p>\n\n<p class=\"p5\">&#8211; Assistenza clienti: Hai domande? Hai bisogno di un consiglio? Siamo qui per aiutarti in ogni fase del percorso.<\/p>\n\n<p class=\"p5\">&#8211; L&#8217;obiettivo della comunit\u00e0: Siamo molto pi\u00f9 di un negozio: siamo un centro di aggregazione per gli appassionati di aeromodellismo che possono connettersi e crescere.<\/p>\n\n<h2 class=\"wp-block-heading\">Unisciti alla nostra comunit\u00e0<\/h2>\n\n<p class=\"p1\">La nostra passione \u00e8 aiutare gli appassionati di aeromodellismo a crescere. Segui il nostro blog per ricevere i consigli degli esperti, guarda la nostra galleria per vedere le realizzazioni dei nostri clienti e iscriviti alla nostra newsletter per rimanere aggiornato su nuovi prodotti, eventi e offerte esclusive.<\/p>\n\n<p class=\"p1\">Grazie per aver scelto Flight Scale Depot. Insieme, costruiamo, voliamo e sogniamo!<\/p>\n\n<p class=\"p1\">Happy Building,<\/p>\n\n<p class=\"p1\">Jean<\/p>\n\n<p class=\"p1\">Fondatore, appassionato di aviazione e costruttore di aeromodelli<\/p>\n\n<p class=\"p4\">Contattaci<\/p>\n\n<p class=\"p1\">Hai domande o commenti? Contattaci a:<\/p>\n\n<p class=\"p1\">\ud83d\udce7 Email: info@flightscaledepot.com<\/p>\n\n<p class=\"p1\">Affrontiamo questo viaggio insieme, un modello alla volta!<\/p>\n","protected":false},"excerpt":{"rendered":"<p>Benvenuti Benvenuto su Flight Scale Depot, il tuo punto di riferimento per tutto ci\u00f2 che riguarda l&#8217;aeromodellismo! Noi di Flight Scale Depot crediamo che costruire aeromodelli sia pi\u00f9 di un semplice hobby: \u00e8 un modo per onorare la ricca storia dell&#8217;aviazione, abbracciare l&#8217;arte dell&#8217;artigianato e connettersi con una comunit\u00e0 globale di appassionati che la pensano&hellip;&nbsp;<\/p>\n","protected":false},"author":1,"featured_media":0,"parent":0,"menu_order":0,"comment_status":"closed","ping_status":"closed","template":"","meta":{"neve_meta_sidebar":"","neve_meta_container":"","neve_meta_enable_content_width":"","neve_meta_content_width":0,"neve_meta_title_alignment":"","neve_meta_author_avatar":"","neve_post_elements_order":"","neve_meta_disable_header":"","neve_meta_disable_footer":"","neve_meta_disable_title":"","footnotes":""},"class_list":["post-109","page","type-page","status-publish","hentry"],"jetpack_sharing_enabled":true,"_links":{"self":[{"href":"https:\/\/www.flightscaledepot.com\/it\/wp-json\/wp\/v2\/pages\/109","targetHints":{"allow":["GET"]}}],"collection":[{"href":"https:\/\/www.flightscaledepot.com\/it\/wp-json\/wp\/v2\/pages"}],"about":[{"href":"https:\/\/www.flightscaledepot.com\/it\/wp-json\/wp\/v2\/types\/page"}],"author":[{"embeddable":true,"href":"https:\/\/www.flightscaledepot.com\/it\/wp-json\/wp\/v2\/users\/1"}],"replies":[{"embeddable":true,"href":"https:\/\/www.flightscaledepot.com\/it\/wp-json\/wp\/v2\/comments?post=109"}],"version-history":[{"count":1,"href":"https:\/\/www.flightscaledepot.com\/it\/wp-json\/wp\/v2\/pages\/109\/revisions"}],"predecessor-version":[{"id":110,"href":"https:\/\/www.flightscaledepot.com\/it\/wp-json\/wp\/v2\/pages\/109\/revisions\/110"}],"wp:attachment":[{"href":"https:\/\/www.flightscaledepot.com\/it\/wp-json\/wp\/v2\/media?parent=109"}],"curies":[{"name":"wp","href":"https:\/\/api.w.org\/{rel}","templated":true}]}}